{"id":1728,"date":"2022-06-06T09:23:42","date_gmt":"2022-06-06T09:23:42","guid":{"rendered":"https:\/\/www.cftungsten.com\/?page_id=1728"},"modified":"2022-06-06T09:23:42","modified_gmt":"2022-06-06T09:23:42","slug":"tungsten-granules","status":"publish","type":"page","link":"https:\/\/www.cftungsten.com\/tr\/urunler\/tungsten-granulleri\/","title":{"rendered":"Tungsten Gran\u00fclleri"},"content":{"rendered":"<div class=\"fusion-fullwidth fullwidth-box fusion-builder-row-1 fusion-flex-container nonhundred-percent-fullwidth non-hundred-percent-height-scrolling\" style=\"--awb-border-radius-top-left:0px;--awb-border-radius-top-right:0px;--awb-border-radius-bottom-right:0px;--awb-border-radius-bottom-left:0px;--awb-flex-wrap:wrap;\" ><div class=\"fusion-builder-row fusion-row fusion-flex-align-items-flex-start fusion-flex-content-wrap\" style=\"max-width:1216.8px;margin-left: calc(-4% \/ 2 );margin-right: calc(-4% \/ 2 );\"><div class=\"fusion-layout-column fusion_builder_column fusion-builder-column-0 fusion_builder_column_1_1 1_1 fusion-flex-column\" style=\"--awb-bg-size:cover;--awb-width-large:100%;--awb-margin-top-large:0px;--awb-spacing-right-large:1.92%;--awb-margin-bottom-large:20px;--awb-spacing-left-large:1.92%;--awb-width-medium:100%;--awb-order-medium:0;--awb-spacing-right-medium:1.92%;--awb-spacing-left-medium:1.92%;--awb-width-small:100%;--awb-order-small:0;--awb-spacing-right-small:1.92%;--awb-spacing-left-small:1.92%;\"><div class=\"fusion-column-wrapper fusion-column-has-shadow fusion-flex-justify-content-flex-start fusion-content-layout-column\"><div class=\"fusion-title title fusion-title-1 fusion-sep-none fusion-title-text fusion-title-size-one\" style=\"--awb-font-size:24px;\"><h1 class=\"fusion-title-heading title-heading-left fusion-responsive-typography-calculated\" style=\"margin:0;font-size:1em;text-transform:capitalize;--fontSize:24;line-height:var(--awb-typography1-line-height);\">Tungten Gran\u00fclleri<\/h1><\/div><div class=\"fusion-text fusion-text-1\"><p><strong>Tan\u0131m<\/strong><\/p>\n<ul>\n<li>Tungsten gran\u00fcllerinin g\u00f6r\u00fcn\u00fcm\u00fc \u00e7elik grisidir ve g\u00f6r\u00fcn\u00fcrde hi\u00e7bir mekanik kal\u0131nt\u0131 olmamal\u0131d\u0131r;<\/li>\n<li>Mevcut a\u011f boyutu: 10-20mesh, 20-40mesh, 40-60mesh, 60-100mesh, 100-200mesh, isteklerinize g\u00f6re kar\u0131\u015ft\u0131r\u0131labilir;<\/li>\n<li>Safl\u0131k ve ana safs\u0131zl\u0131klar: W\u226599.9%, C\uff1c0.001%, S\uff1c0.0007%, O\uff1c0.05%.<\/li>\n<\/ul>\n<p><a>Tungsten gran\u00fclleri, saf tungsten par\u00e7alar\u0131n\u0131n 10-200 mesh par\u00e7ac\u0131k boyutuna sahip ince par\u00e7ac\u0131klara k\u0131r\u0131lmas\u0131yla yap\u0131l\u0131r, bu nedenle buna saf tungsten ak\u0131s\u0131 da denir. \u0130yi ak\u0131 etkisi ve \u00e7ok kararl\u0131 analiz sonu\u00e7lar\u0131 ile orta ve y\u00fcksek frekansl\u0131 yanma i\u00e7in ak\u0131.<\/a><\/p>\n<p><strong>\u00dcretim s\u00fcreci<\/strong><\/p>\n<p>Y\u00fcksek yo\u011funluklu saf tungsten par\u00e7alar \u2192 Grushing \u2192 Eleme \u2192 Suyla F\u0131r\u00e7alama \u2192 Kurutma \u2192 H2 ile Geri Y\u00fckleme \u2192 Muayene<\/p>\n<\/div><div ><a class=\"fusion-button button-flat fusion-button-default-size button-default fusion-button-default button-1 fusion-button-default-span fusion-button-default-type\" target=\"_self\" href=\"#\" data-toggle=\"modal\" data-target=\".fusion-modal.ask\"><span class=\"fusion-button-text\">Talep Formu<\/span><\/a><\/div><div class=\"fusion-modal modal fade modal-1 ask\" tabindex=\"-1\" role=\"dialog\" aria-labelledby=\"modal-heading-1\" aria-hidden=\"true\" style=\"--awb-border-color:#ebebeb;--awb-background:hsla(var(--awb-color8-h),var(--awb-color8-s),calc( var(--awb-color8-l) + 96% ),var(--awb-color8-a));\"><div class=\"modal-dialog modal-lg\" role=\"document\"><div class=\"modal-content fusion-modal-content\"><div class=\"modal-header\"><button class=\"close\" type=\"button\" data-dismiss=\"modal\" aria-hidden=\"true\" aria-label=\"Kapal\u0131\">\u00d7<\/button><h3 class=\"modal-title\" id=\"modal-heading-1\" data-dismiss=\"modal\" aria-hidden=\"true\">Talep Formu<\/h3><\/div><div class=\"modal-body fusion-clearfix\">\n\n<div class=\"wpcf7 no-js\" id=\"wpcf7-f1867-o1\" lang=\"en-US\" dir=\"ltr\" data-wpcf7-id=\"1867\">\n<div class=\"screen-reader-response\"><p role=\"status\" aria-live=\"polite\" aria-atomic=\"true\"><\/p> <ul><\/ul><\/div>\n<form action=\"\/tr\/wp-json\/wp\/v2\/pages\/1728#wpcf7-f1867-o1\" method=\"post\" class=\"wpcf7-form init\" aria-label=\"\u0130leti\u015fim Formu\" novalidate=\"novalidate\" data-status=\"init\" data-trp-original-action=\"\/tr\/wp-json\/wp\/v2\/pages\/1728#wpcf7-f1867-o1\">\n<fieldset class=\"hidden-fields-container\"><input type=\"hidden\" name=\"_wpcf7\" value=\"1867\" \/><input type=\"hidden\" name=\"_wpcf7_version\" value=\"6.1.5\" \/><input type=\"hidden\" name=\"_wpcf7_locale\" value=\"en_US\" \/><input type=\"hidden\" name=\"_wpcf7_unit_tag\" value=\"wpcf7-f1867-o1\" \/><input type=\"hidden\" name=\"_wpcf7_container_post\" value=\"0\" \/><input type=\"hidden\" name=\"_wpcf7_posted_data_hash\" value=\"\" \/><input type=\"hidden\" name=\"_wpcf7dtx_version\" value=\"5.0.3\" \/>\n<\/fieldset>\n<div class=\"fusion-one-half fusion-layout-column fusion-spacing-yes\">\n\t<p>Ad\u0131n\u0131z<span class=\"wpcf7-form-control-wrap\" data-name=\"your-name\"><input size=\"40\" maxlength=\"400\" class=\"wpcf7-form-control wpcf7-text wpcf7-validates-as-required\" aria-required=\"true\" aria-invalid=\"false\" value=\"\" type=\"text\" name=\"your-name\" \/><\/span>\n\t<\/p>\n<\/div>\n<div class=\"fusion-one-half fusion-layout-column fusion-column-last fusion-spacing-yes\">\n\t<p>E-posta adresiniz<span class=\"wpcf7-form-control-wrap\" data-name=\"your-email\"><input size=\"40\" maxlength=\"400\" class=\"wpcf7-form-control wpcf7-email wpcf7-validates-as-required wpcf7-text wpcf7-validates-as-email\" aria-required=\"true\" aria-invalid=\"false\" value=\"\" type=\"email\" name=\"your-email\" \/><\/span>\n\t<\/p>\n<\/div>\n<div class=\"fusion-one-half fusion-layout-column fusion-spacing-yes\">\n\t<p>Firma Ad\u0131<span class=\"wpcf7-form-control-wrap\" data-name=\"company-name\"><input size=\"40\" maxlength=\"400\" class=\"wpcf7-form-control wpcf7-text\" aria-invalid=\"false\" value=\"\" type=\"text\" name=\"company-name\" \/><\/span>\n\t<\/p>\n<\/div>\n<div class=\"fusion-one-half fusion-layout-column fusion-column-last fusion-spacing-yes\">\n\t<p>Canl\u0131 sohbet<br \/>\n<span class=\"wpcf7-form-control-wrap\" data-name=\"your-livechat\"><input size=\"40\" maxlength=\"400\" class=\"wpcf7-form-control wpcf7-text\" aria-invalid=\"false\" placeholder=\"Wechat \/ WhatsApp \/ Mobil \/ Skype\" value=\"\" type=\"text\" name=\"your-livechat\" \/><\/span>\n\t<\/p>\n<\/div>\n<div>\n\t<p><span class=\"wpcf7-form-control-wrap\" data-name=\"your-message\"><textarea cols=\"40\" rows=\"10\" maxlength=\"2000\" class=\"wpcf7-form-control wpcf7-textarea wpcf7-validates-as-required\" aria-required=\"true\" aria-invalid=\"false\" placeholder=\"Mesaj\u0131n(*)\" name=\"your-message\"><\/textarea><\/span>\n\t<\/p>\n<\/div>\n<p><span class=\"wpcf7-form-control-wrap dynamictext-604\" data-name=\"dynamictext-604\"><input type=\"text\" name=\"dynamictext-604\" class=\"wpcf7-form-control wpcf7-text wpcf7dtx wpcf7dtx-text\" aria-invalid=\"false\" required=\"required\" value=\"Tungsten Granules\"><\/span><p class=\"cf7ascaptcha\"><input name=\"cf7as_hdn_cpthaval1\" id=\"cf7as_hdn_cpthaval1\" type=\"hidden\" value=\"6\" \/><input name=\"cf7as_hdn_cpthaval2\" id=\"cf7as_hdn_cpthaval2\" type=\"hidden\" value=\"1\" \/><input name=\"cf7as_hdn_cpthaaction\" id=\"cf7as_hdn_cpthaaction\" type=\"hidden\" value=\"+\" \/>Cevab\u0131n\u0131z nedir? <span class=\"cf7as-firstAct\">1<\/span> +<span class=\"cf7as-firstAct\"> 6<\/span> <br><span class=\"wpcf7-form-control-wrap cf7as-captchcode\" data-name=\"cf7as-captchcode\"> <input type=\"text\" aria-invalid=\"false\" aria-required=\"true\" class=\"wpcf7-form-control wpcf7-text wpcf7-validates-as-required\" size=\"5\" value=\"\" name=\"cf7as-captchcode\" placeholder=\"cevap girin\" style=\"width:200px;margin-bottom:10px;\" oninput=\"this.value = this.value.replace(\/[^0-9.]\/g, '').replace(\/(\\..*)\\.\/g, '$1');\"><\/span><input type=\"hidden\" name=\"cf7as-zplus\" value=\"\"><\/p><input type=\"hidden\" id=\"cf7as_captcha_nonce\" name=\"cf7as_captcha_nonce\" value=\"d4b6de1071\" \/><input type=\"hidden\" name=\"_wp_http_referer\" value=\"\/tr\/wp-json\/wp\/v2\/pages\/1728\" \/>\n<\/p>\n<div class=\"fusion-alignleft\">\n\t<p><input class=\"wpcf7-form-control wpcf7-submit has-spinner\" type=\"submit\" value=\"G\u00f6ndermek\" \/>\n\t<\/p>\n<\/div><div class=\"fusion-alert alert custom alert-custom fusion-alert-center wpcf7-response-output awb-alert-native-link-color alert-dismissable awb-alert-close-boxed\" style=\"--awb-border-size:1px;--awb-border-top-left-radius:0px;--awb-border-top-right-radius:0px;--awb-border-bottom-left-radius:0px;--awb-border-bottom-right-radius:0px;\" role=\"alert\"><div class=\"fusion-alert-content-wrapper\"><span class=\"fusion-alert-content\"><\/span><\/div><button type=\"button\" class=\"close toggle-alert\" data-dismiss=\"alert\" aria-label=\"Kapal\u0131\">\u00d7<\/button><\/div>\n<input type=\"hidden\" name=\"trp-form-language\" value=\"tr\"\/><\/form>\n<\/div>\n\n<\/div><div class=\"modal-footer\"><button class=\"fusion-button button-default button-medium button default medium\" type=\"button\" data-dismiss=\"modal\">Kapal\u0131<\/button><\/div><\/div><\/div><\/div><\/div><\/div><div class=\"fusion-layout-column fusion_builder_column fusion-builder-column-1 fusion_builder_column_1_3 1_3 fusion-flex-column\" style=\"--awb-bg-size:cover;--awb-width-large:33.333333333333%;--awb-margin-top-large:0px;--awb-spacing-right-large:5.76%;--awb-margin-bottom-large:20px;--awb-spacing-left-large:5.76%;--awb-width-medium:100%;--awb-order-medium:0;--awb-spacing-right-medium:1.92%;--awb-spacing-left-medium:1.92%;--awb-width-small:100%;--awb-order-small:0;--awb-spacing-right-small:1.92%;--awb-spacing-left-small:1.92%;\"><div class=\"fusion-column-wrapper fusion-column-has-shadow fusion-flex-justify-content-flex-start fusion-content-layout-column\"><div class=\"fusion-image-element\" style=\"--awb-caption-title-font-family:var(--h2_typography-font-family);--awb-caption-title-font-weight:var(--h2_typography-font-weight);--awb-caption-title-font-style:var(--h2_typography-font-style);--awb-caption-title-size:var(--h2_typography-font-size);--awb-caption-title-transform:var(--h2_typography-text-transform);--awb-caption-title-line-height:var(--h2_typography-line-height);--awb-caption-title-letter-spacing:var(--h2_typography-letter-spacing);\"><span class=\"fusion-imageframe imageframe-none imageframe-1 hover-type-none\"><a href=\"https:\/\/demo.lfcarbide.com\/wp-content\/uploads\/2022\/06\/tungsten-granule-10-20mesh-2.jpg\" class=\"fusion-lightbox\" data-rel=\"iLightbox[5f54b7be45f7d494102]\" data-title=\"tungsten granule 10-20mesh\" title=\"tungsten gran\u00fcl\u00fc 10-20mesh\"><img decoding=\"async\" width=\"400\" height=\"300\" alt=\"tungsten gran\u00fcl\u00fc 10-20mesh\" src=\"https:\/\/www.cftungsten.com\/wp-content\/uploads\/2022\/06\/tungsten-granule-10-20mesh-2.jpg\" data-orig-src=\"https:\/\/demo.lfcarbide.com\/wp-content\/uploads\/2022\/06\/tungsten-granule-10-20mesh-2-400x300.jpg\" class=\"lazyload img-responsive wp-image-1729\" srcset=\"data:image\/svg+xml,%3Csvg%20xmlns%3D%27http%3A%2F%2Fwww.w3.org%2F2000%2Fsvg%27%20width%3D%271000%27%20height%3D%27750%27%20viewBox%3D%270%200%201000%20750%27%3E%3Crect%20width%3D%271000%27%20height%3D%27750%27%20fill-opacity%3D%220%22%2F%3E%3C%2Fsvg%3E\" data-srcset=\"https:\/\/www.cftungsten.com\/wp-content\/uploads\/2022\/06\/tungsten-granule-10-20mesh-2-200x150.jpg 200w, https:\/\/www.cftungsten.com\/wp-content\/uploads\/2022\/06\/tungsten-granule-10-20mesh-2-400x300.jpg 400w, https:\/\/www.cftungsten.com\/wp-content\/uploads\/2022\/06\/tungsten-granule-10-20mesh-2-600x450.jpg 600w, https:\/\/www.cftungsten.com\/wp-content\/uploads\/2022\/06\/tungsten-granule-10-20mesh-2-800x600.jpg 800w, https:\/\/www.cftungsten.com\/wp-content\/uploads\/2022\/06\/tungsten-granule-10-20mesh-2.jpg 1000w\" data-sizes=\"auto\" data-orig-sizes=\"(max-width: 1024px) 100vw, (max-width: 640px) 100vw, 400px\" \/><\/a><\/span><\/div><div class=\"fusion-text fusion-text-2\"><p>10-20 a\u011f<\/p>\n<\/div><\/div><\/div><div class=\"fusion-layout-column fusion_builder_column fusion-builder-column-2 fusion_builder_column_1_3 1_3 fusion-flex-column\" style=\"--awb-bg-size:cover;--awb-width-large:33.333333333333%;--awb-margin-top-large:0px;--awb-spacing-right-large:5.76%;--awb-margin-bottom-large:20px;--awb-spacing-left-large:5.76%;--awb-width-medium:100%;--awb-order-medium:0;--awb-spacing-right-medium:1.92%;--awb-spacing-left-medium:1.92%;--awb-width-small:100%;--awb-order-small:0;--awb-spacing-right-small:1.92%;--awb-spacing-left-small:1.92%;\"><div class=\"fusion-column-wrapper fusion-column-has-shadow fusion-flex-justify-content-flex-start fusion-content-layout-column\"><div class=\"fusion-image-element\" style=\"--awb-caption-title-font-family:var(--h2_typography-font-family);--awb-caption-title-font-weight:var(--h2_typography-font-weight);--awb-caption-title-font-style:var(--h2_typography-font-style);--awb-caption-title-size:var(--h2_typography-font-size);--awb-caption-title-transform:var(--h2_typography-text-transform);--awb-caption-title-line-height:var(--h2_typography-line-height);--awb-caption-title-letter-spacing:var(--h2_typography-letter-spacing);\"><span class=\"fusion-imageframe imageframe-none imageframe-2 hover-type-none\"><a href=\"https:\/\/demo.lfcarbide.com\/wp-content\/uploads\/2022\/06\/tungsten-granule-20-40mesh-2.jpg\" class=\"fusion-lightbox\" data-rel=\"iLightbox[f6ee8cca3edbc08e9f3]\" data-title=\"tungsten granule 20-40mesh\" title=\"tungsten gran\u00fcl\u00fc 20-40mesh\"><img decoding=\"async\" width=\"400\" height=\"300\" alt=\"tungsten gran\u00fcl\u00fc 20-40mesh\" src=\"https:\/\/www.cftungsten.com\/wp-content\/uploads\/2022\/06\/tungsten-granule-20-40mesh-2.jpg\" data-orig-src=\"https:\/\/demo.lfcarbide.com\/wp-content\/uploads\/2022\/06\/tungsten-granule-20-40mesh-2-400x300.jpg\" class=\"lazyload img-responsive wp-image-1730\" srcset=\"data:image\/svg+xml,%3Csvg%20xmlns%3D%27http%3A%2F%2Fwww.w3.org%2F2000%2Fsvg%27%20width%3D%271000%27%20height%3D%27750%27%20viewBox%3D%270%200%201000%20750%27%3E%3Crect%20width%3D%271000%27%20height%3D%27750%27%20fill-opacity%3D%220%22%2F%3E%3C%2Fsvg%3E\" data-srcset=\"https:\/\/www.cftungsten.com\/wp-content\/uploads\/2022\/06\/tungsten-granule-20-40mesh-2-200x150.jpg 200w, https:\/\/www.cftungsten.com\/wp-content\/uploads\/2022\/06\/tungsten-granule-20-40mesh-2-400x300.jpg 400w, https:\/\/www.cftungsten.com\/wp-content\/uploads\/2022\/06\/tungsten-granule-20-40mesh-2-600x450.jpg 600w, https:\/\/www.cftungsten.com\/wp-content\/uploads\/2022\/06\/tungsten-granule-20-40mesh-2-800x600.jpg 800w, https:\/\/www.cftungsten.com\/wp-content\/uploads\/2022\/06\/tungsten-granule-20-40mesh-2.jpg 1000w\" data-sizes=\"auto\" data-orig-sizes=\"(max-width: 1024px) 100vw, (max-width: 640px) 100vw, 400px\" \/><\/a><\/span><\/div><div class=\"fusion-text fusion-text-3\"><p>20-40 a\u011f g\u00f6z\u00fc<\/p>\n<\/div><\/div><\/div><div class=\"fusion-layout-column fusion_builder_column fusion-builder-column-3 fusion_builder_column_1_3 1_3 fusion-flex-column\" style=\"--awb-bg-size:cover;--awb-width-large:33.333333333333%;--awb-margin-top-large:0px;--awb-spacing-right-large:5.76%;--awb-margin-bottom-large:20px;--awb-spacing-left-large:5.76%;--awb-width-medium:100%;--awb-order-medium:0;--awb-spacing-right-medium:1.92%;--awb-spacing-left-medium:1.92%;--awb-width-small:100%;--awb-order-small:0;--awb-spacing-right-small:1.92%;--awb-spacing-left-small:1.92%;\"><div class=\"fusion-column-wrapper fusion-column-has-shadow fusion-flex-justify-content-flex-start fusion-content-layout-column\"><div class=\"fusion-image-element\" style=\"--awb-caption-title-font-family:var(--h2_typography-font-family);--awb-caption-title-font-weight:var(--h2_typography-font-weight);--awb-caption-title-font-style:var(--h2_typography-font-style);--awb-caption-title-size:var(--h2_typography-font-size);--awb-caption-title-transform:var(--h2_typography-text-transform);--awb-caption-title-line-height:var(--h2_typography-line-height);--awb-caption-title-letter-spacing:var(--h2_typography-letter-spacing);\"><span class=\"fusion-imageframe imageframe-none imageframe-3 hover-type-none\"><a href=\"https:\/\/demo.lfcarbide.com\/wp-content\/uploads\/2022\/06\/tungsten-granule-100-200mesh-2.jpg\" class=\"fusion-lightbox\" data-rel=\"iLightbox[b58fe06180ac330a69c]\" data-title=\"tungsten granule 100-200mesh\" title=\"tungsten gran\u00fcl\u00fc 100-200mesh\"><img decoding=\"async\" width=\"400\" height=\"300\" alt=\"tungsten gran\u00fcl\u00fc 100-200mesh\" src=\"https:\/\/www.cftungsten.com\/wp-content\/uploads\/2022\/06\/tungsten-granule-100-200mesh-2.jpg\" data-orig-src=\"https:\/\/demo.lfcarbide.com\/wp-content\/uploads\/2022\/06\/tungsten-granule-100-200mesh-2-400x300.jpg\" class=\"lazyload img-responsive wp-image-1731\" srcset=\"data:image\/svg+xml,%3Csvg%20xmlns%3D%27http%3A%2F%2Fwww.w3.org%2F2000%2Fsvg%27%20width%3D%271000%27%20height%3D%27750%27%20viewBox%3D%270%200%201000%20750%27%3E%3Crect%20width%3D%271000%27%20height%3D%27750%27%20fill-opacity%3D%220%22%2F%3E%3C%2Fsvg%3E\" data-srcset=\"https:\/\/www.cftungsten.com\/wp-content\/uploads\/2022\/06\/tungsten-granule-100-200mesh-2-200x150.jpg 200w, https:\/\/www.cftungsten.com\/wp-content\/uploads\/2022\/06\/tungsten-granule-100-200mesh-2-400x300.jpg 400w, https:\/\/www.cftungsten.com\/wp-content\/uploads\/2022\/06\/tungsten-granule-100-200mesh-2-600x450.jpg 600w, https:\/\/www.cftungsten.com\/wp-content\/uploads\/2022\/06\/tungsten-granule-100-200mesh-2-800x600.jpg 800w, https:\/\/www.cftungsten.com\/wp-content\/uploads\/2022\/06\/tungsten-granule-100-200mesh-2.jpg 1000w\" data-sizes=\"auto\" data-orig-sizes=\"(max-width: 1024px) 100vw, (max-width: 640px) 100vw, 400px\" \/><\/a><\/span><\/div><div class=\"fusion-text fusion-text-4\"><p>100-200 a\u011f<\/p>\n<\/div><\/div><\/div><\/div><\/div>","protected":false},"excerpt":{"rendered":"","protected":false},"author":1,"featured_media":0,"parent":50,"menu_order":0,"comment_status":"closed","ping_status":"closed","template":"","meta":{"footnotes":""},"class_list":["post-1728","page","type-page","status-publish","hentry"],"_links":{"self":[{"href":"https:\/\/www.cftungsten.com\/tr\/wp-json\/wp\/v2\/pages\/1728","targetHints":{"allow":["GET"]}}],"collection":[{"href":"https:\/\/www.cftungsten.com\/tr\/wp-json\/wp\/v2\/pages"}],"about":[{"href":"https:\/\/www.cftungsten.com\/tr\/wp-json\/wp\/v2\/types\/page"}],"author":[{"embeddable":true,"href":"https:\/\/www.cftungsten.com\/tr\/wp-json\/wp\/v2\/users\/1"}],"replies":[{"embeddable":true,"href":"https:\/\/www.cftungsten.com\/tr\/wp-json\/wp\/v2\/comments?post=1728"}],"version-history":[{"count":0,"href":"https:\/\/www.cftungsten.com\/tr\/wp-json\/wp\/v2\/pages\/1728\/revisions"}],"up":[{"embeddable":true,"href":"https:\/\/www.cftungsten.com\/tr\/wp-json\/wp\/v2\/pages\/50"}],"wp:attachment":[{"href":"https:\/\/www.cftungsten.com\/tr\/wp-json\/wp\/v2\/media?parent=1728"}],"curies":[{"name":"wp","href":"https:\/\/api.w.org\/{rel}","templated":true}]}}