{"id":1728,"date":"2022-06-06T09:23:42","date_gmt":"2022-06-06T09:23:42","guid":{"rendered":"https:\/\/www.cftungsten.com\/?page_id=1728"},"modified":"2022-06-06T09:23:42","modified_gmt":"2022-06-06T09:23:42","slug":"tungsten-granules","status":"publish","type":"page","link":"https:\/\/www.cftungsten.com\/vi\/cac-san-pham\/hat-vonfram\/","title":{"rendered":"H\u1ea1t vonfram"},"content":{"rendered":"<div class=\"fusion-fullwidth fullwidth-box fusion-builder-row-1 fusion-flex-container nonhundred-percent-fullwidth non-hundred-percent-height-scrolling\" style=\"--awb-border-radius-top-left:0px;--awb-border-radius-top-right:0px;--awb-border-radius-bottom-right:0px;--awb-border-radius-bottom-left:0px;--awb-flex-wrap:wrap;\" ><div class=\"fusion-builder-row fusion-row fusion-flex-align-items-flex-start fusion-flex-content-wrap\" style=\"max-width:1216.8px;margin-left: calc(-4% \/ 2 );margin-right: calc(-4% \/ 2 );\"><div class=\"fusion-layout-column fusion_builder_column fusion-builder-column-0 fusion_builder_column_1_1 1_1 fusion-flex-column\" style=\"--awb-bg-size:cover;--awb-width-large:100%;--awb-margin-top-large:0px;--awb-spacing-right-large:1.92%;--awb-margin-bottom-large:20px;--awb-spacing-left-large:1.92%;--awb-width-medium:100%;--awb-order-medium:0;--awb-spacing-right-medium:1.92%;--awb-spacing-left-medium:1.92%;--awb-width-small:100%;--awb-order-small:0;--awb-spacing-right-small:1.92%;--awb-spacing-left-small:1.92%;\"><div class=\"fusion-column-wrapper fusion-column-has-shadow fusion-flex-justify-content-flex-start fusion-content-layout-column\"><div class=\"fusion-title title fusion-title-1 fusion-sep-none fusion-title-text fusion-title-size-one\" style=\"--awb-font-size:24px;\"><h1 class=\"fusion-title-heading title-heading-left fusion-responsive-typography-calculated\" style=\"margin:0;font-size:1em;text-transform:capitalize;--fontSize:24;line-height:var(--awb-typography1-line-height);\">H\u1ea1t vonfram<\/h1><\/div><div class=\"fusion-text fusion-text-1\"><p><strong>S\u1ef1 mi\u00eau t\u1ea3<\/strong><\/p>\n<ul>\n<li>S\u1ef1 xu\u1ea5t hi\u1ec7n c\u1ee7a c\u00e1c h\u1ea1t vonfram c\u00f3 m\u00e0u x\u00e1m th\u00e9p v\u00e0 kh\u00f4ng \u0111\u01b0\u1ee3c nh\u00ecn th\u1ea5y c\u00e1c t\u1ea1p ch\u1ea5t c\u01a1 h\u1ecdc;<\/li>\n<li>K\u00edch th\u01b0\u1edbc m\u1eaft l\u01b0\u1edbi c\u00f3 s\u1eb5n: 10-20mesh, 20-40mesh, 40-60mesh, 60-100mesh, 100-200mesh, n\u00f3 c\u00f3 th\u1ec3 \u0111\u01b0\u1ee3c tr\u1ed9n theo y\u00eau c\u1ea7u c\u1ee7a b\u1ea1n;<\/li>\n<li>\u0110\u1ed9 tinh khi\u1ebft v\u00e0 t\u1ea1p ch\u1ea5t ch\u00ednh: W \u226599,9%, C\uff1c0,001%, S\uff1c0,0007%, O\uff1c0,05%.<\/li>\n<\/ul>\n<p><a>H\u1ea1t vonfram, \u0111\u01b0\u1ee3c t\u1ea1o ra b\u1eb1ng c\u00e1ch ph\u00e1 v\u1ee1 c\u00e1c b\u1ed9 ph\u1eadn vonfram nguy\u00ean ch\u1ea5t th\u00e0nh c\u00e1c h\u1ea1t m\u1ecbn c\u00f3 k\u00edch th\u01b0\u1edbc h\u1ea1t 10-200 l\u01b0\u1edbi, do \u0111\u00f3 n\u00f3 c\u00f2n \u0111\u01b0\u1ee3c g\u1ecdi l\u00e0 d\u00f2ng vonfram nguy\u00ean ch\u1ea5t. Th\u00f4ng l\u01b0\u1ee3ng cho qu\u00e1 tr\u00ecnh \u0111\u1ed1t ch\u00e1y t\u1ea7n s\u1ed1 trung b\u00ecnh v\u00e0 cao, c\u00f3 hi\u1ec7u \u1ee9ng th\u00f4ng l\u01b0\u1ee3ng t\u1ed1t v\u00e0 k\u1ebft qu\u1ea3 ph\u00e2n t\u00edch r\u1ea5t \u1ed5n \u0111\u1ecbnh.<\/a><\/p>\n<p><strong>Quy tr\u00ecnh s\u1ea3n xu\u1ea5t<\/strong><\/p>\n<p>C\u00e1c b\u1ed9 ph\u1eadn vonfram tinh khi\u1ebft m\u1eadt \u0111\u1ed9 cao \u2192 Nghi\u1ec1n \u2192 S\u00e0ng \u2192 Ch\u00e0 n\u01b0\u1edbc \u2192 S\u1ea5y kh\u00f4 \u2192 Kh\u00f4i ph\u1ee5c b\u1eb1ng H2 \u2192 Ki\u1ec3m tra<\/p>\n<\/div><div ><a class=\"fusion-button button-flat fusion-button-default-size button-default fusion-button-default button-1 fusion-button-default-span fusion-button-default-type\" target=\"_self\" href=\"#\" data-toggle=\"modal\" data-target=\".fusion-modal.ask\"><span class=\"fusion-button-text\">M\u1eabu y\u00eau c\u1ea7u<\/span><\/a><\/div><div class=\"fusion-modal modal fade modal-1 ask\" tabindex=\"-1\" role=\"dialog\" aria-labelledby=\"modal-heading-1\" aria-hidden=\"true\" style=\"--awb-border-color:#ebebeb;--awb-background:hsla(var(--awb-color8-h),var(--awb-color8-s),calc( var(--awb-color8-l) + 96% ),var(--awb-color8-a));\"><div class=\"modal-dialog modal-lg\" role=\"document\"><div class=\"modal-content fusion-modal-content\"><div class=\"modal-header\"><button class=\"close\" type=\"button\" data-dismiss=\"modal\" aria-hidden=\"true\" aria-label=\"\u0110\u00f3ng\">\u00d7<\/button><h3 class=\"modal-title\" id=\"modal-heading-1\" data-dismiss=\"modal\" aria-hidden=\"true\">M\u1eabu y\u00eau c\u1ea7u<\/h3><\/div><div class=\"modal-body fusion-clearfix\">\n\n<div class=\"wpcf7 no-js\" id=\"wpcf7-f1867-o1\" lang=\"en-US\" dir=\"ltr\" data-wpcf7-id=\"1867\">\n<div class=\"screen-reader-response\"><p role=\"status\" aria-live=\"polite\" aria-atomic=\"true\"><\/p> <ul><\/ul><\/div>\n<form action=\"\/vi\/wp-json\/wp\/v2\/pages\/1728#wpcf7-f1867-o1\" method=\"post\" class=\"wpcf7-form init\" aria-label=\"M\u00e2u li\u00ean h\u00ea\u0323\" novalidate=\"novalidate\" data-status=\"init\" data-trp-original-action=\"\/vi\/wp-json\/wp\/v2\/pages\/1728#wpcf7-f1867-o1\">\n<fieldset class=\"hidden-fields-container\"><input type=\"hidden\" name=\"_wpcf7\" value=\"1867\" \/><input type=\"hidden\" name=\"_wpcf7_version\" value=\"6.1.5\" \/><input type=\"hidden\" name=\"_wpcf7_locale\" value=\"en_US\" \/><input type=\"hidden\" name=\"_wpcf7_unit_tag\" value=\"wpcf7-f1867-o1\" \/><input type=\"hidden\" name=\"_wpcf7_container_post\" value=\"0\" \/><input type=\"hidden\" name=\"_wpcf7_posted_data_hash\" value=\"\" \/><input type=\"hidden\" name=\"_wpcf7dtx_version\" value=\"5.0.3\" \/>\n<\/fieldset>\n<div class=\"fusion-one-half fusion-layout-column fusion-spacing-yes\">\n\t<p>T\u00ean c\u1ee7a b\u1ea1n<span class=\"wpcf7-form-control-wrap\" data-name=\"your-name\"><input size=\"40\" maxlength=\"400\" class=\"wpcf7-form-control wpcf7-text wpcf7-validates-as-required\" aria-required=\"true\" aria-invalid=\"false\" value=\"\" type=\"text\" name=\"your-name\" \/><\/span>\n\t<\/p>\n<\/div>\n<div class=\"fusion-one-half fusion-layout-column fusion-column-last fusion-spacing-yes\">\n\t<p>Email c\u1ee7a b\u1ea1n<span class=\"wpcf7-form-control-wrap\" data-name=\"your-email\"><input size=\"40\" maxlength=\"400\" class=\"wpcf7-form-control wpcf7-email wpcf7-validates-as-required wpcf7-text wpcf7-validates-as-email\" aria-required=\"true\" aria-invalid=\"false\" value=\"\" type=\"email\" name=\"your-email\" \/><\/span>\n\t<\/p>\n<\/div>\n<div class=\"fusion-one-half fusion-layout-column fusion-spacing-yes\">\n\t<p>T\u00ean c\u00f4ng ty<span class=\"wpcf7-form-control-wrap\" data-name=\"company-name\"><input size=\"40\" maxlength=\"400\" class=\"wpcf7-form-control wpcf7-text\" aria-invalid=\"false\" value=\"\" type=\"text\" name=\"company-name\" \/><\/span>\n\t<\/p>\n<\/div>\n<div class=\"fusion-one-half fusion-layout-column fusion-column-last fusion-spacing-yes\">\n\t<p>Tr\u00f2 chuy\u1ec7n tr\u1ef1c ti\u1ebfp<br \/>\n<span class=\"wpcf7-form-control-wrap\" data-name=\"your-livechat\"><input size=\"40\" maxlength=\"400\" class=\"wpcf7-form-control wpcf7-text\" aria-invalid=\"false\" placeholder=\"Wechat\/WhatsApp\/Di \u0110\u1ed9ng\/Skype\" value=\"\" type=\"text\" name=\"your-livechat\" \/><\/span>\n\t<\/p>\n<\/div>\n<div>\n\t<p><span class=\"wpcf7-form-control-wrap\" data-name=\"your-message\"><textarea cols=\"40\" rows=\"10\" maxlength=\"2000\" class=\"wpcf7-form-control wpcf7-textarea wpcf7-validates-as-required\" aria-required=\"true\" aria-invalid=\"false\" placeholder=\"Tin nh\u1eafn c\u1ee7a b\u1ea1n(*)\" name=\"your-message\"><\/textarea><\/span>\n\t<\/p>\n<\/div>\n<p><span class=\"wpcf7-form-control-wrap dynamictext-604\" data-name=\"dynamictext-604\"><input type=\"text\" name=\"dynamictext-604\" class=\"wpcf7-form-control wpcf7-text wpcf7dtx wpcf7dtx-text\" aria-invalid=\"false\" required=\"required\" value=\"Tungsten Granules\"><\/span><p class=\"cf7ascaptcha\"><input name=\"cf7as_hdn_cpthaval1\" id=\"cf7as_hdn_cpthaval1\" type=\"hidden\" value=\"7\" \/><input name=\"cf7as_hdn_cpthaval2\" id=\"cf7as_hdn_cpthaval2\" type=\"hidden\" value=\"2\" \/><input name=\"cf7as_hdn_cpthaaction\" id=\"cf7as_hdn_cpthaaction\" type=\"hidden\" value=\"+\" \/>C\u00e2u tr\u1ea3 l\u1eddi c\u1ee7a b\u1ea1n l\u00e0 g\u00ec? <span class=\"cf7as-firstAct\">2<\/span> +<span class=\"cf7as-firstAct\"> 7<\/span> <br><span class=\"wpcf7-form-control-wrap cf7as-captchcode\" data-name=\"cf7as-captchcode\"> <input type=\"text\" aria-invalid=\"false\" aria-required=\"true\" class=\"wpcf7-form-control wpcf7-text wpcf7-validates-as-required\" size=\"5\" value=\"\" name=\"cf7as-captchcode\" placeholder=\"nh\u1eadp c\u00e2u tr\u1ea3 l\u1eddi\" style=\"width:200px;margin-bottom:10px;\" oninput=\"this.value = this.value.replace(\/[^0-9.]\/g, '').replace(\/(\\..*)\\.\/g, '$1');\"><\/span><input type=\"hidden\" name=\"cf7as-zplus\" value=\"\"><\/p><input type=\"hidden\" id=\"cf7as_captcha_nonce\" name=\"cf7as_captcha_nonce\" value=\"b2abbd79b0\" \/><input type=\"hidden\" name=\"_wp_http_referer\" value=\"\/vi\/wp-json\/wp\/v2\/pages\/1728\" \/>\n<\/p>\n<div class=\"fusion-alignleft\">\n\t<p><input class=\"wpcf7-form-control wpcf7-submit has-spinner\" type=\"submit\" value=\"G\u1eedi\" \/>\n\t<\/p>\n<\/div><div class=\"fusion-alert alert custom alert-custom fusion-alert-center wpcf7-response-output awb-alert-native-link-color alert-dismissable awb-alert-close-boxed\" style=\"--awb-border-size:1px;--awb-border-top-left-radius:0px;--awb-border-top-right-radius:0px;--awb-border-bottom-left-radius:0px;--awb-border-bottom-right-radius:0px;\" role=\"alert\"><div class=\"fusion-alert-content-wrapper\"><span class=\"fusion-alert-content\"><\/span><\/div><button type=\"button\" class=\"close toggle-alert\" data-dismiss=\"alert\" aria-label=\"\u0110\u00f3ng\">\u00d7<\/button><\/div>\n<input type=\"hidden\" name=\"trp-form-language\" value=\"vi\"\/><\/form>\n<\/div>\n\n<\/div><div class=\"modal-footer\"><button class=\"fusion-button button-default button-medium button default medium\" type=\"button\" data-dismiss=\"modal\">\u0110\u00f3ng<\/button><\/div><\/div><\/div><\/div><\/div><\/div><div class=\"fusion-layout-column fusion_builder_column fusion-builder-column-1 fusion_builder_column_1_3 1_3 fusion-flex-column\" style=\"--awb-bg-size:cover;--awb-width-large:33.333333333333%;--awb-margin-top-large:0px;--awb-spacing-right-large:5.76%;--awb-margin-bottom-large:20px;--awb-spacing-left-large:5.76%;--awb-width-medium:100%;--awb-order-medium:0;--awb-spacing-right-medium:1.92%;--awb-spacing-left-medium:1.92%;--awb-width-small:100%;--awb-order-small:0;--awb-spacing-right-small:1.92%;--awb-spacing-left-small:1.92%;\"><div class=\"fusion-column-wrapper fusion-column-has-shadow fusion-flex-justify-content-flex-start fusion-content-layout-column\"><div class=\"fusion-image-element\" style=\"--awb-caption-title-font-family:var(--h2_typography-font-family);--awb-caption-title-font-weight:var(--h2_typography-font-weight);--awb-caption-title-font-style:var(--h2_typography-font-style);--awb-caption-title-size:var(--h2_typography-font-size);--awb-caption-title-transform:var(--h2_typography-text-transform);--awb-caption-title-line-height:var(--h2_typography-line-height);--awb-caption-title-letter-spacing:var(--h2_typography-letter-spacing);\"><span class=\"fusion-imageframe imageframe-none imageframe-1 hover-type-none\"><a href=\"https:\/\/demo.lfcarbide.com\/wp-content\/uploads\/2022\/06\/tungsten-granule-10-20mesh-2.jpg\" class=\"fusion-lightbox\" data-rel=\"iLightbox[5f54b7be45f7d494102]\" data-title=\"tungsten granule 10-20mesh\" title=\"h\u1ea1t vonfram 10-20mesh\"><img decoding=\"async\" width=\"400\" height=\"300\" alt=\"h\u1ea1t vonfram 10-20mesh\" src=\"https:\/\/www.cftungsten.com\/wp-content\/uploads\/2022\/06\/tungsten-granule-10-20mesh-2.jpg\" data-orig-src=\"https:\/\/demo.lfcarbide.com\/wp-content\/uploads\/2022\/06\/tungsten-granule-10-20mesh-2-400x300.jpg\" class=\"lazyload img-responsive wp-image-1729\" srcset=\"data:image\/svg+xml,%3Csvg%20xmlns%3D%27http%3A%2F%2Fwww.w3.org%2F2000%2Fsvg%27%20width%3D%271000%27%20height%3D%27750%27%20viewBox%3D%270%200%201000%20750%27%3E%3Crect%20width%3D%271000%27%20height%3D%27750%27%20fill-opacity%3D%220%22%2F%3E%3C%2Fsvg%3E\" data-srcset=\"https:\/\/www.cftungsten.com\/wp-content\/uploads\/2022\/06\/tungsten-granule-10-20mesh-2-200x150.jpg 200w, https:\/\/www.cftungsten.com\/wp-content\/uploads\/2022\/06\/tungsten-granule-10-20mesh-2-400x300.jpg 400w, https:\/\/www.cftungsten.com\/wp-content\/uploads\/2022\/06\/tungsten-granule-10-20mesh-2-600x450.jpg 600w, https:\/\/www.cftungsten.com\/wp-content\/uploads\/2022\/06\/tungsten-granule-10-20mesh-2-800x600.jpg 800w, https:\/\/www.cftungsten.com\/wp-content\/uploads\/2022\/06\/tungsten-granule-10-20mesh-2.jpg 1000w\" data-sizes=\"auto\" data-orig-sizes=\"(max-width: 1024px) 100vw, (max-width: 640px) 100vw, 400px\" \/><\/a><\/span><\/div><div class=\"fusion-text fusion-text-2\"><p>10-20 l\u01b0\u1edbi<\/p>\n<\/div><\/div><\/div><div class=\"fusion-layout-column fusion_builder_column fusion-builder-column-2 fusion_builder_column_1_3 1_3 fusion-flex-column\" style=\"--awb-bg-size:cover;--awb-width-large:33.333333333333%;--awb-margin-top-large:0px;--awb-spacing-right-large:5.76%;--awb-margin-bottom-large:20px;--awb-spacing-left-large:5.76%;--awb-width-medium:100%;--awb-order-medium:0;--awb-spacing-right-medium:1.92%;--awb-spacing-left-medium:1.92%;--awb-width-small:100%;--awb-order-small:0;--awb-spacing-right-small:1.92%;--awb-spacing-left-small:1.92%;\"><div class=\"fusion-column-wrapper fusion-column-has-shadow fusion-flex-justify-content-flex-start fusion-content-layout-column\"><div class=\"fusion-image-element\" style=\"--awb-caption-title-font-family:var(--h2_typography-font-family);--awb-caption-title-font-weight:var(--h2_typography-font-weight);--awb-caption-title-font-style:var(--h2_typography-font-style);--awb-caption-title-size:var(--h2_typography-font-size);--awb-caption-title-transform:var(--h2_typography-text-transform);--awb-caption-title-line-height:var(--h2_typography-line-height);--awb-caption-title-letter-spacing:var(--h2_typography-letter-spacing);\"><span class=\"fusion-imageframe imageframe-none imageframe-2 hover-type-none\"><a href=\"https:\/\/demo.lfcarbide.com\/wp-content\/uploads\/2022\/06\/tungsten-granule-20-40mesh-2.jpg\" class=\"fusion-lightbox\" data-rel=\"iLightbox[f6ee8cca3edbc08e9f3]\" data-title=\"tungsten granule 20-40mesh\" title=\"h\u1ea1t vonfram 20-40mesh\"><img decoding=\"async\" width=\"400\" height=\"300\" alt=\"h\u1ea1t vonfram 20-40mesh\" src=\"https:\/\/www.cftungsten.com\/wp-content\/uploads\/2022\/06\/tungsten-granule-20-40mesh-2.jpg\" data-orig-src=\"https:\/\/demo.lfcarbide.com\/wp-content\/uploads\/2022\/06\/tungsten-granule-20-40mesh-2-400x300.jpg\" class=\"lazyload img-responsive wp-image-1730\" srcset=\"data:image\/svg+xml,%3Csvg%20xmlns%3D%27http%3A%2F%2Fwww.w3.org%2F2000%2Fsvg%27%20width%3D%271000%27%20height%3D%27750%27%20viewBox%3D%270%200%201000%20750%27%3E%3Crect%20width%3D%271000%27%20height%3D%27750%27%20fill-opacity%3D%220%22%2F%3E%3C%2Fsvg%3E\" data-srcset=\"https:\/\/www.cftungsten.com\/wp-content\/uploads\/2022\/06\/tungsten-granule-20-40mesh-2-200x150.jpg 200w, https:\/\/www.cftungsten.com\/wp-content\/uploads\/2022\/06\/tungsten-granule-20-40mesh-2-400x300.jpg 400w, https:\/\/www.cftungsten.com\/wp-content\/uploads\/2022\/06\/tungsten-granule-20-40mesh-2-600x450.jpg 600w, https:\/\/www.cftungsten.com\/wp-content\/uploads\/2022\/06\/tungsten-granule-20-40mesh-2-800x600.jpg 800w, https:\/\/www.cftungsten.com\/wp-content\/uploads\/2022\/06\/tungsten-granule-20-40mesh-2.jpg 1000w\" data-sizes=\"auto\" data-orig-sizes=\"(max-width: 1024px) 100vw, (max-width: 640px) 100vw, 400px\" \/><\/a><\/span><\/div><div class=\"fusion-text fusion-text-3\"><p>20-40 l\u01b0\u1edbi<\/p>\n<\/div><\/div><\/div><div class=\"fusion-layout-column fusion_builder_column fusion-builder-column-3 fusion_builder_column_1_3 1_3 fusion-flex-column\" style=\"--awb-bg-size:cover;--awb-width-large:33.333333333333%;--awb-margin-top-large:0px;--awb-spacing-right-large:5.76%;--awb-margin-bottom-large:20px;--awb-spacing-left-large:5.76%;--awb-width-medium:100%;--awb-order-medium:0;--awb-spacing-right-medium:1.92%;--awb-spacing-left-medium:1.92%;--awb-width-small:100%;--awb-order-small:0;--awb-spacing-right-small:1.92%;--awb-spacing-left-small:1.92%;\"><div class=\"fusion-column-wrapper fusion-column-has-shadow fusion-flex-justify-content-flex-start fusion-content-layout-column\"><div class=\"fusion-image-element\" style=\"--awb-caption-title-font-family:var(--h2_typography-font-family);--awb-caption-title-font-weight:var(--h2_typography-font-weight);--awb-caption-title-font-style:var(--h2_typography-font-style);--awb-caption-title-size:var(--h2_typography-font-size);--awb-caption-title-transform:var(--h2_typography-text-transform);--awb-caption-title-line-height:var(--h2_typography-line-height);--awb-caption-title-letter-spacing:var(--h2_typography-letter-spacing);\"><span class=\"fusion-imageframe imageframe-none imageframe-3 hover-type-none\"><a href=\"https:\/\/demo.lfcarbide.com\/wp-content\/uploads\/2022\/06\/tungsten-granule-100-200mesh-2.jpg\" class=\"fusion-lightbox\" data-rel=\"iLightbox[b58fe06180ac330a69c]\" data-title=\"tungsten granule 100-200mesh\" title=\"h\u1ea1t vonfram 100-200mesh\"><img decoding=\"async\" width=\"400\" height=\"300\" alt=\"h\u1ea1t vonfram 100-200mesh\" src=\"https:\/\/www.cftungsten.com\/wp-content\/uploads\/2022\/06\/tungsten-granule-100-200mesh-2.jpg\" data-orig-src=\"https:\/\/demo.lfcarbide.com\/wp-content\/uploads\/2022\/06\/tungsten-granule-100-200mesh-2-400x300.jpg\" class=\"lazyload img-responsive wp-image-1731\" srcset=\"data:image\/svg+xml,%3Csvg%20xmlns%3D%27http%3A%2F%2Fwww.w3.org%2F2000%2Fsvg%27%20width%3D%271000%27%20height%3D%27750%27%20viewBox%3D%270%200%201000%20750%27%3E%3Crect%20width%3D%271000%27%20height%3D%27750%27%20fill-opacity%3D%220%22%2F%3E%3C%2Fsvg%3E\" data-srcset=\"https:\/\/www.cftungsten.com\/wp-content\/uploads\/2022\/06\/tungsten-granule-100-200mesh-2-200x150.jpg 200w, https:\/\/www.cftungsten.com\/wp-content\/uploads\/2022\/06\/tungsten-granule-100-200mesh-2-400x300.jpg 400w, https:\/\/www.cftungsten.com\/wp-content\/uploads\/2022\/06\/tungsten-granule-100-200mesh-2-600x450.jpg 600w, https:\/\/www.cftungsten.com\/wp-content\/uploads\/2022\/06\/tungsten-granule-100-200mesh-2-800x600.jpg 800w, https:\/\/www.cftungsten.com\/wp-content\/uploads\/2022\/06\/tungsten-granule-100-200mesh-2.jpg 1000w\" data-sizes=\"auto\" data-orig-sizes=\"(max-width: 1024px) 100vw, (max-width: 640px) 100vw, 400px\" \/><\/a><\/span><\/div><div class=\"fusion-text fusion-text-4\"><p>100-200 l\u01b0\u1edbi<\/p>\n<\/div><\/div><\/div><\/div><\/div>","protected":false},"excerpt":{"rendered":"","protected":false},"author":1,"featured_media":0,"parent":50,"menu_order":0,"comment_status":"closed","ping_status":"closed","template":"","meta":{"footnotes":""},"class_list":["post-1728","page","type-page","status-publish","hentry"],"_links":{"self":[{"href":"https:\/\/www.cftungsten.com\/vi\/wp-json\/wp\/v2\/pages\/1728","targetHints":{"allow":["GET"]}}],"collection":[{"href":"https:\/\/www.cftungsten.com\/vi\/wp-json\/wp\/v2\/pages"}],"about":[{"href":"https:\/\/www.cftungsten.com\/vi\/wp-json\/wp\/v2\/types\/page"}],"author":[{"embeddable":true,"href":"https:\/\/www.cftungsten.com\/vi\/wp-json\/wp\/v2\/users\/1"}],"replies":[{"embeddable":true,"href":"https:\/\/www.cftungsten.com\/vi\/wp-json\/wp\/v2\/comments?post=1728"}],"version-history":[{"count":0,"href":"https:\/\/www.cftungsten.com\/vi\/wp-json\/wp\/v2\/pages\/1728\/revisions"}],"up":[{"embeddable":true,"href":"https:\/\/www.cftungsten.com\/vi\/wp-json\/wp\/v2\/pages\/50"}],"wp:attachment":[{"href":"https:\/\/www.cftungsten.com\/vi\/wp-json\/wp\/v2\/media?parent=1728"}],"curies":[{"name":"trang web","href":"https:\/\/api.w.org\/{rel}","templated":true}]}}